{"id":28,"date":"2024-06-05T15:42:34","date_gmt":"2024-06-05T13:42:34","guid":{"rendered":"https:\/\/laroutedesjeux2024.fr\/?page_id=28"},"modified":"2024-07-09T09:49:39","modified_gmt":"2024-07-09T07:49:39","slug":"lequipe","status":"publish","type":"page","link":"https:\/\/laroutedesjeux2024.fr\/?page_id=28","title":{"rendered":"L&#8217;\u00e9quipe"},"content":{"rendered":"\t\t<div data-elementor-type=\"wp-page\" data-elementor-id=\"28\" class=\"elementor elementor-28\">\n\t\t\t\t<div class=\"elementor-element elementor-element-f830d29 e-flex e-con-boxed e-con e-parent\" data-id=\"f830d29\" data-element_type=\"container\">\n\t\t\t\t\t<div class=\"e-con-inner\">\n\t\t\t\t<div class=\"elementor-element elementor-element-9b6a2c8 elementor-widget elementor-widget-heading\" data-id=\"9b6a2c8\" data-element_type=\"widget\" data-widget_type=\"heading.default\">\n\t\t\t\t<div class=\"elementor-widget-container\">\n\t\t\t<style>\/*! elementor - v3.23.0 - 15-07-2024 *\/\n.elementor-heading-title{padding:0;margin:0;line-height:1}.elementor-widget-heading .elementor-heading-title[class*=elementor-size-]>a{color:inherit;font-size:inherit;line-height:inherit}.elementor-widget-heading .elementor-heading-title.elementor-size-small{font-size:15px}.elementor-widget-heading .elementor-heading-title.elementor-size-medium{font-size:19px}.elementor-widget-heading .elementor-heading-title.elementor-size-large{font-size:29px}.elementor-widget-heading .elementor-heading-title.elementor-size-xl{font-size:39px}.elementor-widget-heading .elementor-heading-title.elementor-size-xxl{font-size:59px}<\/style><h2 class=\"elementor-heading-title elementor-size-default\">L'\u00c9QUIPE DE LA ROUTE DES JEUX 2024<\/h2>\t\t<\/div>\n\t\t\t\t<\/div>\n\t\t\t\t\t<\/div>\n\t\t\t\t<\/div>\n\t\t<div class=\"elementor-element elementor-element-6865afe e-flex e-con-boxed e-con e-parent\" data-id=\"6865afe\" data-element_type=\"container\">\n\t\t\t\t\t<div class=\"e-con-inner\">\n\t\t\t\t<div class=\"elementor-element elementor-element-3451aec elementor-widget elementor-widget-spacer\" data-id=\"3451aec\" data-element_type=\"widget\" data-widget_type=\"spacer.default\">\n\t\t\t\t<div class=\"elementor-widget-container\">\n\t\t\t<style>\/*! elementor - v3.23.0 - 15-07-2024 *\/\n.elementor-column .elementor-spacer-inner{height:var(--spacer-size)}.e-con{--container-widget-width:100%}.e-con-inner>.elementor-widget-spacer,.e-con>.elementor-widget-spacer{width:var(--container-widget-width,var(--spacer-size));--align-self:var(--container-widget-align-self,initial);--flex-shrink:0}.e-con-inner>.elementor-widget-spacer>.elementor-widget-container,.e-con>.elementor-widget-spacer>.elementor-widget-container{height:100%;width:100%}.e-con-inner>.elementor-widget-spacer>.elementor-widget-container>.elementor-spacer,.e-con>.elementor-widget-spacer>.elementor-widget-container>.elementor-spacer{height:100%}.e-con-inner>.elementor-widget-spacer>.elementor-widget-container>.elementor-spacer>.elementor-spacer-inner,.e-con>.elementor-widget-spacer>.elementor-widget-container>.elementor-spacer>.elementor-spacer-inner{height:var(--container-widget-height,var(--spacer-size))}.e-con-inner>.elementor-widget-spacer.elementor-widget-empty,.e-con>.elementor-widget-spacer.elementor-widget-empty{position:relative;min-height:22px;min-width:22px}.e-con-inner>.elementor-widget-spacer.elementor-widget-empty .elementor-widget-empty-icon,.e-con>.elementor-widget-spacer.elementor-widget-empty .elementor-widget-empty-icon{position:absolute;top:0;bottom:0;left:0;right:0;margin:auto;padding:0;width:22px;height:22px}<\/style>\t\t<div class=\"elementor-spacer\">\n\t\t\t<div class=\"elementor-spacer-inner\"><\/div>\n\t\t<\/div>\n\t\t\t\t<\/div>\n\t\t\t\t<\/div>\n\t\t\t\t<div class=\"elementor-element elementor-element-7150c75 elementor-widget elementor-widget-text-editor\" data-id=\"7150c75\" data-element_type=\"widget\" data-widget_type=\"text-editor.default\">\n\t\t\t\t<div class=\"elementor-widget-container\">\n\t\t\t<style>\/*! elementor - v3.23.0 - 15-07-2024 *\/\n.elementor-widget-text-editor.elementor-drop-cap-view-stacked .elementor-drop-cap{background-color:#69727d;color:#fff}.elementor-widget-text-editor.elementor-drop-cap-view-framed .elementor-drop-cap{color:#69727d;border:3px solid;background-color:transparent}.elementor-widget-text-editor:not(.elementor-drop-cap-view-default) .elementor-drop-cap{margin-top:8px}.elementor-widget-text-editor:not(.elementor-drop-cap-view-default) .elementor-drop-cap-letter{width:1em;height:1em}.elementor-widget-text-editor .elementor-drop-cap{float:left;text-align:center;line-height:1;font-size:50px}.elementor-widget-text-editor .elementor-drop-cap-letter{display:inline-block}<\/style>\t\t\t\t<p>Ils sont 40 \u00e0 se pr\u00e9parer \u00e0 partir pour Paris sur des <span style=\"text-decoration: underline;\">v\u00e9los Solex \u00e9lectrique !<\/span>\u00a0<\/p><p>Apr\u00e8s avoir parcourus les Pyr\u00e9n\u00e9es le 27 avril, ils s&#8217;\u00e9lanceront de Biarritz d\u00e8s le 14 juillet pour rejoindre la capitale et la c\u00e9r\u00e9monie d&#8217;ouverture des Jeux Olympiques.<\/p>\t\t\t\t\t\t<\/div>\n\t\t\t\t<\/div>\n\t\t\t\t\t<\/div>\n\t\t\t\t<\/div>\n\t\t<div class=\"elementor-element elementor-element-091ffdd e-flex e-con-boxed e-con e-parent\" data-id=\"091ffdd\" data-element_type=\"container\">\n\t\t\t\t\t<div class=\"e-con-inner\">\n\t\t\t\t<div class=\"elementor-element elementor-element-2d3a42a elementor-widget elementor-widget-image\" data-id=\"2d3a42a\" data-element_type=\"widget\" data-widget_type=\"image.default\">\n\t\t\t\t<div class=\"elementor-widget-container\">\n\t\t\t<style>\/*! elementor - v3.23.0 - 15-07-2024 *\/\n.elementor-widget-image{text-align:center}.elementor-widget-image a{display:inline-block}.elementor-widget-image a img[src$=\".svg\"]{width:48px}.elementor-widget-image img{vertical-align:middle;display:inline-block}<\/style>\t\t\t\t\t\t\t\t\t\t<img fetchpriority=\"high\" decoding=\"async\" width=\"1024\" height=\"498\" src=\"https:\/\/laroutedesjeux2024.fr\/wp-content\/uploads\/2024\/06\/WhatsApp-Image-2024-04-27-a-21.08.17_c19dc78a-1024x498.jpg\" class=\"attachment-large size-large wp-image-851\" alt=\"\" srcset=\"https:\/\/laroutedesjeux2024.fr\/wp-content\/uploads\/2024\/06\/WhatsApp-Image-2024-04-27-a-21.08.17_c19dc78a-1024x498.jpg 1024w, https:\/\/laroutedesjeux2024.fr\/wp-content\/uploads\/2024\/06\/WhatsApp-Image-2024-04-27-a-21.08.17_c19dc78a-300x146.jpg 300w, https:\/\/laroutedesjeux2024.fr\/wp-content\/uploads\/2024\/06\/WhatsApp-Image-2024-04-27-a-21.08.17_c19dc78a-768x373.jpg 768w, https:\/\/laroutedesjeux2024.fr\/wp-content\/uploads\/2024\/06\/WhatsApp-Image-2024-04-27-a-21.08.17_c19dc78a-1536x747.jpg 1536w, https:\/\/laroutedesjeux2024.fr\/wp-content\/uploads\/2024\/06\/WhatsApp-Image-2024-04-27-a-21.08.17_c19dc78a.jpg 2016w\" sizes=\"(max-width: 1024px) 100vw, 1024px\" \/>\t\t\t\t\t\t\t\t\t\t\t\t\t<\/div>\n\t\t\t\t<\/div>\n\t\t\t\t\t<\/div>\n\t\t\t\t<\/div>\n\t\t<div class=\"elementor-element elementor-element-af1f95e e-con-full e-flex e-con e-parent\" data-id=\"af1f95e\" data-element_type=\"container\">\n\t\t\t\t<div class=\"elementor-element elementor-element-1a75a7d elementor-widget elementor-widget-heading\" data-id=\"1a75a7d\" data-element_type=\"widget\" data-widget_type=\"heading.default\">\n\t\t\t\t<div class=\"elementor-widget-container\">\n\t\t\t<h2 class=\"elementor-heading-title elementor-size-default\">*Marie-Pierre et Christophe Castera, Sandrine et Didier Brisset, Sophie et Bertran Dulon,  Corinne et Jean-Yves Gaillat, David Pouyanne, Cathy Dutruy et Stephane Fornairon, Anne-Sophie et Frank Gericot, Catherine jean-Philippe et Caroline Labes, Laurence Berducou et Thierry Cazaban, Patricia Gilles, Sylvie Conte, Corinne et Jaqcues Loustalet, Laurence et Stephane Masseing, Stephane Mazen, Christian Meyrous, Edouard Fabre, Marc Papillon, Emmanuelle Compagnon,  Muriel et Fred Pellure, Marie et Yves Salesses, Ilka Moris et Thierry Servant, Corrine et Dominique Garcia, B\u00e9n\u00e9dicte et Marc Berasaluce, Arnaud David, David Patri, Bastien Blusseau, Leila Cilgi et Nina Brisset<\/h2>\t\t<\/div>\n\t\t\t\t<\/div>\n\t\t\t\t<\/div>\n\t\t\t\t<\/div>\n\t\t","protected":false},"excerpt":{"rendered":"<p>L&#8217;\u00c9QUIPE DE LA ROUTE DES JEUX 2024 Ils sont 40 \u00e0 se pr\u00e9parer \u00e0 partir pour Paris sur des v\u00e9los Solex \u00e9lectrique !\u00a0 Apr\u00e8s avoir parcourus les Pyr\u00e9n\u00e9es le 27 avril, ils s&#8217;\u00e9lanceront de Biarritz d\u00e8s le 14 juillet pour rejoindre la capitale et la c\u00e9r\u00e9monie d&#8217;ouverture des Jeux Olympiques. *Marie-Pierre et Christophe Castera, Sandrine [&hellip;]<\/p>\n","protected":false},"author":1,"featured_media":0,"parent":0,"menu_order":0,"comment_status":"closed","ping_status":"closed","template":"","meta":{"ocean_post_layout":"","ocean_both_sidebars_style":"","ocean_both_sidebars_content_width":0,"ocean_both_sidebars_sidebars_width":0,"ocean_sidebar":"","ocean_second_sidebar":"","ocean_disable_margins":"enable","ocean_add_body_class":"","ocean_shortcode_before_top_bar":"","ocean_shortcode_after_top_bar":"","ocean_shortcode_before_header":"","ocean_shortcode_after_header":"","ocean_has_shortcode":"","ocean_shortcode_after_title":"","ocean_shortcode_before_footer_widgets":"","ocean_shortcode_after_footer_widgets":"","ocean_shortcode_before_footer_bottom":"","ocean_shortcode_after_footer_bottom":"","ocean_display_top_bar":"default","ocean_display_header":"default","ocean_header_style":"","ocean_center_header_left_menu":"","ocean_custom_header_template":"","ocean_custom_logo":0,"ocean_custom_retina_logo":0,"ocean_custom_logo_max_width":0,"ocean_custom_logo_tablet_max_width":0,"ocean_custom_logo_mobile_max_width":0,"ocean_custom_logo_max_height":0,"ocean_custom_logo_tablet_max_height":0,"ocean_custom_logo_mobile_max_height":0,"ocean_header_custom_menu":"","ocean_menu_typo_font_family":"","ocean_menu_typo_font_subset":"","ocean_menu_typo_font_size":0,"ocean_menu_typo_font_size_tablet":0,"ocean_menu_typo_font_size_mobile":0,"ocean_menu_typo_font_size_unit":"px","ocean_menu_typo_font_weight":"","ocean_menu_typo_font_weight_tablet":"","ocean_menu_typo_font_weight_mobile":"","ocean_menu_typo_transform":"","ocean_menu_typo_transform_tablet":"","ocean_menu_typo_transform_mobile":"","ocean_menu_typo_line_height":0,"ocean_menu_typo_line_height_tablet":0,"ocean_menu_typo_line_height_mobile":0,"ocean_menu_typo_line_height_unit":"","ocean_menu_typo_spacing":0,"ocean_menu_typo_spacing_tablet":0,"ocean_menu_typo_spacing_mobile":0,"ocean_menu_typo_spacing_unit":"","ocean_menu_link_color":"","ocean_menu_link_color_hover":"","ocean_menu_link_color_active":"","ocean_menu_link_background":"","ocean_menu_link_hover_background":"","ocean_menu_link_active_background":"","ocean_menu_social_links_bg":"","ocean_menu_social_hover_links_bg":"","ocean_menu_social_links_color":"","ocean_menu_social_hover_links_color":"","ocean_disable_title":"default","ocean_disable_heading":"default","ocean_post_title":"","ocean_post_subheading":"","ocean_post_title_style":"","ocean_post_title_background_color":"","ocean_post_title_background":0,"ocean_post_title_bg_image_position":"","ocean_post_title_bg_image_attachment":"","ocean_post_title_bg_image_repeat":"","ocean_post_title_bg_image_size":"","ocean_post_title_height":0,"ocean_post_title_bg_overlay":0.5,"ocean_post_title_bg_overlay_color":"","ocean_disable_breadcrumbs":"default","ocean_breadcrumbs_color":"","ocean_breadcrumbs_separator_color":"","ocean_breadcrumbs_links_color":"","ocean_breadcrumbs_links_hover_color":"","ocean_display_footer_widgets":"default","ocean_display_footer_bottom":"default","ocean_custom_footer_template":"","footnotes":""},"class_list":["post-28","page","type-page","status-publish","hentry","entry"],"yoast_head":"<!-- This site is optimized with the Yoast SEO plugin v23.0 - https:\/\/yoast.com\/wordpress\/plugins\/seo\/ -->\n<title>L&#039;\u00e9quipe - WordPress<\/title>\n<meta name=\"robots\" content=\"index, follow, max-snippet:-1, max-image-preview:large, max-video-preview:-1\" \/>\n<link rel=\"canonical\" href=\"https:\/\/laroutedesjeux2024.fr\/?page_id=28\" \/>\n<meta property=\"og:locale\" content=\"en_US\" \/>\n<meta property=\"og:type\" content=\"article\" \/>\n<meta property=\"og:title\" content=\"L&#039;\u00e9quipe - WordPress\" \/>\n<meta property=\"og:description\" content=\"L&#8217;\u00c9QUIPE DE LA ROUTE DES JEUX 2024 Ils sont 40 \u00e0 se pr\u00e9parer \u00e0 partir pour Paris sur des v\u00e9los Solex \u00e9lectrique !\u00a0 Apr\u00e8s avoir parcourus les Pyr\u00e9n\u00e9es le 27 avril, ils s&#8217;\u00e9lanceront de Biarritz d\u00e8s le 14 juillet pour rejoindre la capitale et la c\u00e9r\u00e9monie d&#8217;ouverture des Jeux Olympiques. *Marie-Pierre et Christophe Castera, Sandrine [&hellip;]\" \/>\n<meta property=\"og:url\" content=\"https:\/\/laroutedesjeux2024.fr\/?page_id=28\" \/>\n<meta property=\"og:site_name\" content=\"WordPress\" \/>\n<meta property=\"article:modified_time\" content=\"2024-07-09T07:49:39+00:00\" \/>\n<meta property=\"og:image\" content=\"http:\/\/laroutedesjeux2024.fr\/wp-content\/uploads\/2024\/06\/WhatsApp-Image-2024-04-27-a-21.08.17_c19dc78a-1024x498.jpg\" \/>\n<meta name=\"twitter:card\" content=\"summary_large_image\" \/>\n<meta name=\"twitter:label1\" content=\"Est. reading time\" \/>\n\t<meta name=\"twitter:data1\" content=\"1 minute\" \/>\n<script type=\"application\/ld+json\" class=\"yoast-schema-graph\">{\"@context\":\"https:\/\/schema.org\",\"@graph\":[{\"@type\":\"WebPage\",\"@id\":\"https:\/\/laroutedesjeux2024.fr\/?page_id=28\",\"url\":\"https:\/\/laroutedesjeux2024.fr\/?page_id=28\",\"name\":\"L'\u00e9quipe - WordPress\",\"isPartOf\":{\"@id\":\"https:\/\/laroutedesjeux2024.fr\/#website\"},\"primaryImageOfPage\":{\"@id\":\"https:\/\/laroutedesjeux2024.fr\/?page_id=28#primaryimage\"},\"image\":{\"@id\":\"https:\/\/laroutedesjeux2024.fr\/?page_id=28#primaryimage\"},\"thumbnailUrl\":\"http:\/\/laroutedesjeux2024.fr\/wp-content\/uploads\/2024\/06\/WhatsApp-Image-2024-04-27-a-21.08.17_c19dc78a-1024x498.jpg\",\"datePublished\":\"2024-06-05T13:42:34+00:00\",\"dateModified\":\"2024-07-09T07:49:39+00:00\",\"breadcrumb\":{\"@id\":\"https:\/\/laroutedesjeux2024.fr\/?page_id=28#breadcrumb\"},\"inLanguage\":\"en-US\",\"potentialAction\":[{\"@type\":\"ReadAction\",\"target\":[\"https:\/\/laroutedesjeux2024.fr\/?page_id=28\"]}]},{\"@type\":\"ImageObject\",\"inLanguage\":\"en-US\",\"@id\":\"https:\/\/laroutedesjeux2024.fr\/?page_id=28#primaryimage\",\"url\":\"https:\/\/laroutedesjeux2024.fr\/wp-content\/uploads\/2024\/06\/WhatsApp-Image-2024-04-27-a-21.08.17_c19dc78a.jpg\",\"contentUrl\":\"https:\/\/laroutedesjeux2024.fr\/wp-content\/uploads\/2024\/06\/WhatsApp-Image-2024-04-27-a-21.08.17_c19dc78a.jpg\",\"width\":2016,\"height\":980},{\"@type\":\"BreadcrumbList\",\"@id\":\"https:\/\/laroutedesjeux2024.fr\/?page_id=28#breadcrumb\",\"itemListElement\":[{\"@type\":\"ListItem\",\"position\":1,\"name\":\"Accueil\",\"item\":\"https:\/\/laroutedesjeux2024.fr\/\"},{\"@type\":\"ListItem\",\"position\":2,\"name\":\"L&rsquo;\u00e9quipe\"}]},{\"@type\":\"WebSite\",\"@id\":\"https:\/\/laroutedesjeux2024.fr\/#website\",\"url\":\"https:\/\/laroutedesjeux2024.fr\/\",\"name\":\"WordPress\",\"description\":\"Un site utilisant WordPress\",\"publisher\":{\"@id\":\"https:\/\/laroutedesjeux2024.fr\/#organization\"},\"potentialAction\":[{\"@type\":\"SearchAction\",\"target\":{\"@type\":\"EntryPoint\",\"urlTemplate\":\"https:\/\/laroutedesjeux2024.fr\/?s={search_term_string}\"},\"query-input\":\"required name=search_term_string\"}],\"inLanguage\":\"en-US\"},{\"@type\":\"Organization\",\"@id\":\"https:\/\/laroutedesjeux2024.fr\/#organization\",\"name\":\"WordPress\",\"url\":\"https:\/\/laroutedesjeux2024.fr\/\",\"logo\":{\"@type\":\"ImageObject\",\"inLanguage\":\"en-US\",\"@id\":\"https:\/\/laroutedesjeux2024.fr\/#\/schema\/logo\/image\/\",\"url\":\"https:\/\/laroutedesjeux2024.fr\/wp-content\/uploads\/2024\/06\/cropped-cropped-cropped-Ecusson-La-Route-des-Jeux-Solex-man-SEUL.jpg\",\"contentUrl\":\"https:\/\/laroutedesjeux2024.fr\/wp-content\/uploads\/2024\/06\/cropped-cropped-cropped-Ecusson-La-Route-des-Jeux-Solex-man-SEUL.jpg\",\"width\":590,\"height\":613,\"caption\":\"WordPress\"},\"image\":{\"@id\":\"https:\/\/laroutedesjeux2024.fr\/#\/schema\/logo\/image\/\"}}]}<\/script>\n<!-- \/ Yoast SEO plugin. -->","yoast_head_json":{"title":"L'\u00e9quipe - WordPress","robots":{"index":"index","follow":"follow","max-snippet":"max-snippet:-1","max-image-preview":"max-image-preview:large","max-video-preview":"max-video-preview:-1"},"canonical":"https:\/\/laroutedesjeux2024.fr\/?page_id=28","og_locale":"en_US","og_type":"article","og_title":"L'\u00e9quipe - WordPress","og_description":"L&#8217;\u00c9QUIPE DE LA ROUTE DES JEUX 2024 Ils sont 40 \u00e0 se pr\u00e9parer \u00e0 partir pour Paris sur des v\u00e9los Solex \u00e9lectrique !\u00a0 Apr\u00e8s avoir parcourus les Pyr\u00e9n\u00e9es le 27 avril, ils s&#8217;\u00e9lanceront de Biarritz d\u00e8s le 14 juillet pour rejoindre la capitale et la c\u00e9r\u00e9monie d&#8217;ouverture des Jeux Olympiques. *Marie-Pierre et Christophe Castera, Sandrine [&hellip;]","og_url":"https:\/\/laroutedesjeux2024.fr\/?page_id=28","og_site_name":"WordPress","article_modified_time":"2024-07-09T07:49:39+00:00","og_image":[{"url":"http:\/\/laroutedesjeux2024.fr\/wp-content\/uploads\/2024\/06\/WhatsApp-Image-2024-04-27-a-21.08.17_c19dc78a-1024x498.jpg"}],"twitter_card":"summary_large_image","twitter_misc":{"Est. reading time":"1 minute"},"schema":{"@context":"https:\/\/schema.org","@graph":[{"@type":"WebPage","@id":"https:\/\/laroutedesjeux2024.fr\/?page_id=28","url":"https:\/\/laroutedesjeux2024.fr\/?page_id=28","name":"L'\u00e9quipe - WordPress","isPartOf":{"@id":"https:\/\/laroutedesjeux2024.fr\/#website"},"primaryImageOfPage":{"@id":"https:\/\/laroutedesjeux2024.fr\/?page_id=28#primaryimage"},"image":{"@id":"https:\/\/laroutedesjeux2024.fr\/?page_id=28#primaryimage"},"thumbnailUrl":"http:\/\/laroutedesjeux2024.fr\/wp-content\/uploads\/2024\/06\/WhatsApp-Image-2024-04-27-a-21.08.17_c19dc78a-1024x498.jpg","datePublished":"2024-06-05T13:42:34+00:00","dateModified":"2024-07-09T07:49:39+00:00","breadcrumb":{"@id":"https:\/\/laroutedesjeux2024.fr\/?page_id=28#breadcrumb"},"inLanguage":"en-US","potentialAction":[{"@type":"ReadAction","target":["https:\/\/laroutedesjeux2024.fr\/?page_id=28"]}]},{"@type":"ImageObject","inLanguage":"en-US","@id":"https:\/\/laroutedesjeux2024.fr\/?page_id=28#primaryimage","url":"https:\/\/laroutedesjeux2024.fr\/wp-content\/uploads\/2024\/06\/WhatsApp-Image-2024-04-27-a-21.08.17_c19dc78a.jpg","contentUrl":"https:\/\/laroutedesjeux2024.fr\/wp-content\/uploads\/2024\/06\/WhatsApp-Image-2024-04-27-a-21.08.17_c19dc78a.jpg","width":2016,"height":980},{"@type":"BreadcrumbList","@id":"https:\/\/laroutedesjeux2024.fr\/?page_id=28#breadcrumb","itemListElement":[{"@type":"ListItem","position":1,"name":"Accueil","item":"https:\/\/laroutedesjeux2024.fr\/"},{"@type":"ListItem","position":2,"name":"L&rsquo;\u00e9quipe"}]},{"@type":"WebSite","@id":"https:\/\/laroutedesjeux2024.fr\/#website","url":"https:\/\/laroutedesjeux2024.fr\/","name":"WordPress","description":"Un site utilisant WordPress","publisher":{"@id":"https:\/\/laroutedesjeux2024.fr\/#organization"},"potentialAction":[{"@type":"SearchAction","target":{"@type":"EntryPoint","urlTemplate":"https:\/\/laroutedesjeux2024.fr\/?s={search_term_string}"},"query-input":"required name=search_term_string"}],"inLanguage":"en-US"},{"@type":"Organization","@id":"https:\/\/laroutedesjeux2024.fr\/#organization","name":"WordPress","url":"https:\/\/laroutedesjeux2024.fr\/","logo":{"@type":"ImageObject","inLanguage":"en-US","@id":"https:\/\/laroutedesjeux2024.fr\/#\/schema\/logo\/image\/","url":"https:\/\/laroutedesjeux2024.fr\/wp-content\/uploads\/2024\/06\/cropped-cropped-cropped-Ecusson-La-Route-des-Jeux-Solex-man-SEUL.jpg","contentUrl":"https:\/\/laroutedesjeux2024.fr\/wp-content\/uploads\/2024\/06\/cropped-cropped-cropped-Ecusson-La-Route-des-Jeux-Solex-man-SEUL.jpg","width":590,"height":613,"caption":"WordPress"},"image":{"@id":"https:\/\/laroutedesjeux2024.fr\/#\/schema\/logo\/image\/"}}]}},"_links":{"self":[{"href":"https:\/\/laroutedesjeux2024.fr\/index.php?rest_route=\/wp\/v2\/pages\/28","targetHints":{"allow":["GET"]}}],"collection":[{"href":"https:\/\/laroutedesjeux2024.fr\/index.php?rest_route=\/wp\/v2\/pages"}],"about":[{"href":"https:\/\/laroutedesjeux2024.fr\/index.php?rest_route=\/wp\/v2\/types\/page"}],"author":[{"embeddable":true,"href":"https:\/\/laroutedesjeux2024.fr\/index.php?rest_route=\/wp\/v2\/users\/1"}],"replies":[{"embeddable":true,"href":"https:\/\/laroutedesjeux2024.fr\/index.php?rest_route=%2Fwp%2Fv2%2Fcomments&post=28"}],"version-history":[{"count":28,"href":"https:\/\/laroutedesjeux2024.fr\/index.php?rest_route=\/wp\/v2\/pages\/28\/revisions"}],"predecessor-version":[{"id":2772,"href":"https:\/\/laroutedesjeux2024.fr\/index.php?rest_route=\/wp\/v2\/pages\/28\/revisions\/2772"}],"wp:attachment":[{"href":"https:\/\/laroutedesjeux2024.fr\/index.php?rest_route=%2Fwp%2Fv2%2Fmedia&parent=28"}],"curies":[{"name":"wp","href":"https:\/\/api.w.org\/{rel}","templated":true}]}}